{"id":102,"date":"2020-09-05T18:16:44","date_gmt":"2020-09-05T16:16:44","guid":{"rendered":"http:\/\/fcpe-guichen.com\/?page_id=102"},"modified":"2021-11-01T13:11:54","modified_gmt":"2021-11-01T12:11:54","slug":"adherer-a-la-fcpe-comment-ca-marche","status":"publish","type":"page","link":"https:\/\/fcpe-guichen.com\/index.php\/adherer-a-la-fcpe-comment-ca-marche\/","title":{"rendered":"Adh\u00e9rer \u00e0 la FCPE, comment \u00e7a marche ?"},"content":{"rendered":"<h3><strong>Vos enfants ont besoin de vous pour participer aux conseils de classes<\/strong><\/h3>\n<p><a href=\"http:\/\/fcpe-guichen.com\/images\/\"><img loading=\"lazy\" decoding=\"async\" class=\"alignleft wp-image-109\" src=\"http:\/\/fcpe-guichen.com\/wp-content\/uploads\/2020\/09\/images.png\" alt=\"\" width=\"274\" height=\"230\" \/><\/a><\/p>\n<p>Comme chaque d\u00e9but d&rsquo;ann\u00e9e scolaire, des bulletins d&rsquo;adh\u00e9sion sont remis aux \u00e9l\u00e8ves pour vous inscrire en ligne ou par retour papier.<\/p>\n<p>Pour rappel, si vous souhaitez participer aux conseils de classes, <strong>l&rsquo;adh\u00e9sion FCPE est obligatoire<\/strong>. N&rsquo;oubliez pas de pr\u00e9ciser dans quelle classe se trouve votre enfant , votre adresse mail, et num\u00e9ro de t\u00e9l\u00e9phone.<\/p>\n<p><a href=\"https:\/\/35.fcpe.asso.fr\/sites\/dep35\/files\/35-FCPE-MAE%202020%20(1).pdf\" target=\"_blank\" rel=\"noopener\">T\u00e9l\u00e9charger le bulletin d&rsquo;adh\u00e9sion en cliquant ici.<\/a><br \/>\n<a href=\"https:\/\/www.fcpe-adhesion.fr\/035\/adhesion\" target=\"_blank\" rel=\"noopener\">Adh\u00e9rer en ligne en cliquant ici.<\/a><\/p>\n<p><em><strong>2 solutions au choix pour d\u00e9poser votre bulletin<\/strong><\/em> :<\/p>\n<ul>\n<li>dans la boite aux lettres FCPE qui se trouve dans le hall \u00e0 droite en entrant dans le coll\u00e8ge<\/li>\n<li>dans la boite aux lettres du coll\u00e8ge qui est situ\u00e9e au niveau du portail livraisons du coll\u00e8ge, (il faut passer devant l&rsquo;entr\u00e9e principale du coll\u00e8ge, continuer tout droit et sur la droite vous trouverez la boite aux lettres coll\u00e8ge).<\/li>\n<\/ul>\n","protected":false},"excerpt":{"rendered":"<p>Vos enfants ont besoin de vous pour participer aux conseils de classes Comme chaque d\u00e9but d&rsquo;ann\u00e9e scolaire, des bulletins d&rsquo;adh\u00e9sion sont remis aux \u00e9l\u00e8ves pour vous inscrire en ligne ou par retour papier. Pour rappel, si vous souhaitez participer aux conseils de classes, l&rsquo;adh\u00e9sion FCPE est obligatoire. N&rsquo;oubliez pas de pr\u00e9ciser dans quelle classe se &hellip; <a href=\"https:\/\/fcpe-guichen.com\/index.php\/adherer-a-la-fcpe-comment-ca-marche\/\" class=\"more-link\">Continuer la lecture de <span class=\"screen-reader-text\">Adh\u00e9rer \u00e0 la FCPE, comment \u00e7a marche ?<\/span> <span class=\"meta-nav\">&rarr;<\/span><\/a><\/p>\n","protected":false},"author":1,"featured_media":0,"parent":0,"menu_order":2,"comment_status":"closed","ping_status":"closed","template":"","meta":{"footnotes":""},"class_list":["post-102","page","type-page","status-publish","hentry"],"_links":{"self":[{"href":"https:\/\/fcpe-guichen.com\/index.php\/wp-json\/wp\/v2\/pages\/102","targetHints":{"allow":["GET"]}}],"collection":[{"href":"https:\/\/fcpe-guichen.com\/index.php\/wp-json\/wp\/v2\/pages"}],"about":[{"href":"https:\/\/fcpe-guichen.com\/index.php\/wp-json\/wp\/v2\/types\/page"}],"author":[{"embeddable":true,"href":"https:\/\/fcpe-guichen.com\/index.php\/wp-json\/wp\/v2\/users\/1"}],"replies":[{"embeddable":true,"href":"https:\/\/fcpe-guichen.com\/index.php\/wp-json\/wp\/v2\/comments?post=102"}],"version-history":[{"count":23,"href":"https:\/\/fcpe-guichen.com\/index.php\/wp-json\/wp\/v2\/pages\/102\/revisions"}],"predecessor-version":[{"id":184,"href":"https:\/\/fcpe-guichen.com\/index.php\/wp-json\/wp\/v2\/pages\/102\/revisions\/184"}],"wp:attachment":[{"href":"https:\/\/fcpe-guichen.com\/index.php\/wp-json\/wp\/v2\/media?parent=102"}],"curies":[{"name":"wp","href":"https:\/\/api.w.org\/{rel}","templated":true}]}}