{"id":129,"date":"2020-09-12T13:14:15","date_gmt":"2020-09-12T11:14:15","guid":{"rendered":"http:\/\/fcpe-guichen.com\/?page_id=129"},"modified":"2023-09-21T12:17:03","modified_gmt":"2023-09-21T10:17:03","slug":"elections-du-nouveau-bureau-2020-2021","status":"publish","type":"page","link":"https:\/\/fcpe-guichen.com\/index.php\/elections-du-nouveau-bureau-2020-2021\/","title":{"rendered":"\u00c9lections du bureau"},"content":{"rendered":"<p><strong>Les derni\u00e8res \u00e9lections ont eu lieu le vendredi 7 octobre 2022.<\/strong><\/p>\n<p>Les membres titulaires au conseil d&rsquo;administration :<\/p>\n<ul>\n<li>LEVAILLANT Doroth\u00e9e<\/li>\n<li>LE PICARD C\u00e9line<\/li>\n<li>COLLET Morgane<\/li>\n<li>CVETKOVIC Katell<\/li>\n<li>MENOUX Pauline<\/li>\n<li>CHOTARD Sandrine<\/li>\n<li>FELIERS Nad\u00e8ge<\/li>\n<\/ul>\n<p>Les membres suppl\u00e9ants sont :<\/p>\n<ul>\n<li>NAUD Etienne<\/li>\n<li>CHISLOUP Gwena\u00eblle<\/li>\n<li>RUAULT Lucie<\/li>\n<li>BAUDUCEL Romuald<\/li>\n<li>PESLIER H\u00e9l\u00e8ne<\/li>\n<li>PAGADOY Gaelle<\/li>\n<li>PAILLIER Julie<\/li>\n<\/ul>\n","protected":false},"excerpt":{"rendered":"<p>Les derni\u00e8res \u00e9lections ont eu lieu le vendredi 7 octobre 2022. Les membres titulaires au conseil d&rsquo;administration : LEVAILLANT Doroth\u00e9e LE PICARD C\u00e9line COLLET Morgane CVETKOVIC Katell MENOUX Pauline CHOTARD Sandrine FELIERS Nad\u00e8ge Les membres suppl\u00e9ants sont : NAUD Etienne CHISLOUP Gwena\u00eblle RUAULT Lucie BAUDUCEL Romuald PESLIER H\u00e9l\u00e8ne PAGADOY Gaelle PAILLIER Julie<\/p>\n","protected":false},"author":1,"featured_media":0,"parent":0,"menu_order":1,"comment_status":"closed","ping_status":"closed","template":"","meta":{"footnotes":""},"class_list":["post-129","page","type-page","status-publish","hentry"],"_links":{"self":[{"href":"https:\/\/fcpe-guichen.com\/index.php\/wp-json\/wp\/v2\/pages\/129","targetHints":{"allow":["GET"]}}],"collection":[{"href":"https:\/\/fcpe-guichen.com\/index.php\/wp-json\/wp\/v2\/pages"}],"about":[{"href":"https:\/\/fcpe-guichen.com\/index.php\/wp-json\/wp\/v2\/types\/page"}],"author":[{"embeddable":true,"href":"https:\/\/fcpe-guichen.com\/index.php\/wp-json\/wp\/v2\/users\/1"}],"replies":[{"embeddable":true,"href":"https:\/\/fcpe-guichen.com\/index.php\/wp-json\/wp\/v2\/comments?post=129"}],"version-history":[{"count":13,"href":"https:\/\/fcpe-guichen.com\/index.php\/wp-json\/wp\/v2\/pages\/129\/revisions"}],"predecessor-version":[{"id":209,"href":"https:\/\/fcpe-guichen.com\/index.php\/wp-json\/wp\/v2\/pages\/129\/revisions\/209"}],"wp:attachment":[{"href":"https:\/\/fcpe-guichen.com\/index.php\/wp-json\/wp\/v2\/media?parent=129"}],"curies":[{"name":"wp","href":"https:\/\/api.w.org\/{rel}","templated":true}]}}