{"id":13,"date":"2020-09-03T13:44:48","date_gmt":"2020-09-03T11:44:48","guid":{"rendered":"http:\/\/fcpe-guichen.com\/?page_id=13"},"modified":"2024-04-16T19:14:55","modified_gmt":"2024-04-16T17:14:55","slug":"bienvenue","status":"publish","type":"page","link":"https:\/\/fcpe-guichen.com\/","title":{"rendered":"Communication, soutien, r\u00e9activit\u00e9&#8230; pour une vie sereine au coll\u00e8ge !"},"content":{"rendered":"<p><strong>Telle est notre devise !<\/strong><br \/>\nToute l&rsquo;\u00e9quipe de l&rsquo;association de parents d&rsquo;\u00e9l\u00e8ves du coll\u00e8ge No\u00ebl du Fail (FCPE) a le plaisir de vous pr\u00e9senter son nouveau site Internet.<\/p>\n<p>Avec ce nouvel outil, nous avons choisi de privil\u00e9gier la Communication.<br \/>\n<em><strong>&#8211; Qui sommes-nous ?<\/strong><\/em> des parents b\u00e9n\u00e9voles qui ont \u00e0 c\u0153ur le bien-\u00eatre des \u00e9l\u00e8ves, de leurs parents, des enseignants et du personnel du coll\u00e8ge.<\/p>\n<p>Nous sommes vos interlocuteurs de proximit\u00e9. <a href=\"mailto:contact@fcpe-guichen.com\" target=\"_blank\" rel=\"noopener\">N&rsquo;h\u00e9sitez pas \u00e0 nous contacter !<\/a><\/p>\n<p style=\"text-align: center;\"><a href=\"mailto:contact@fcpe-Guichen.com\" target=\"_blank\" rel=\"noopener\">contact@fcpe-guichen.com<\/a><\/p>\n<p><em><strong>&#8211; Notre r\u00f4le ?<\/strong> <\/em>relayer les interrogations, les propositions, les remarques&#8230; de chacun des acteurs aupr\u00e8s du coll\u00e8ge.<\/p>\n<p>L&rsquo;\u00e9quipe se mobilisera afin de vous proposer de multiples infos telles que :<br \/>\n&#8211; <a href=\"https:\/\/fcpe-guichen.com\/index.php\/elections-du-nouveau-bureau-2020-2021\/\">La composition de l&rsquo;\u00e9quipe FCPE<\/a><br \/>\n&#8211; <a href=\"https:\/\/fcpe-guichen.com\/index.php\/adherer-a-la-fcpe-comment-ca-marche\/\">Adh\u00e9rer \u00e0 la FCPE, comment \u00e7a marche ?<\/a><br \/>\n&#8211; <a href=\"https:\/\/fcpe-guichen.com\/index.php\/actions-des-parents-deleves\/\">Les actions de la FCPE<\/a><br \/>\n&#8211; Le questionnaire trimestriel<\/p>\n<p><a href=\"http:\/\/fcpe-guichen.com\/election-8811c57-5abd0\/\"><img loading=\"lazy\" decoding=\"async\" class=\"wp-image-107 aligncenter\" src=\"https:\/\/fcpe-guichen.com\/wp-content\/uploads\/2020\/09\/Election-8811c57-5abd0-300x300.jpg\" alt=\"\" width=\"147\" height=\"141\" \/><\/a><\/p>\n<p>Nous vous souhaitons une excellente ann\u00e9e scolaire<\/p>\n<p>Le bureau FCPE<\/p>\n","protected":false},"excerpt":{"rendered":"<p>Telle est notre devise ! Toute l&rsquo;\u00e9quipe de l&rsquo;association de parents d&rsquo;\u00e9l\u00e8ves du coll\u00e8ge No\u00ebl du Fail (FCPE) a le plaisir de vous pr\u00e9senter son nouveau site Internet. Avec ce nouvel outil, nous avons choisi de privil\u00e9gier la Communication. &#8211; Qui sommes-nous ? des parents b\u00e9n\u00e9voles qui ont \u00e0 c\u0153ur le bien-\u00eatre des \u00e9l\u00e8ves, de &hellip; <a href=\"https:\/\/fcpe-guichen.com\/\" class=\"more-link\">Continuer la lecture de <span class=\"screen-reader-text\">Communication, soutien, r\u00e9activit\u00e9&#8230; pour une vie sereine au coll\u00e8ge !<\/span> <span class=\"meta-nav\">&rarr;<\/span><\/a><\/p>\n","protected":false},"author":1,"featured_media":0,"parent":0,"menu_order":1,"comment_status":"closed","ping_status":"closed","template":"","meta":{"footnotes":""},"class_list":["post-13","page","type-page","status-publish","hentry"],"_links":{"self":[{"href":"https:\/\/fcpe-guichen.com\/index.php\/wp-json\/wp\/v2\/pages\/13","targetHints":{"allow":["GET"]}}],"collection":[{"href":"https:\/\/fcpe-guichen.com\/index.php\/wp-json\/wp\/v2\/pages"}],"about":[{"href":"https:\/\/fcpe-guichen.com\/index.php\/wp-json\/wp\/v2\/types\/page"}],"author":[{"embeddable":true,"href":"https:\/\/fcpe-guichen.com\/index.php\/wp-json\/wp\/v2\/users\/1"}],"replies":[{"embeddable":true,"href":"https:\/\/fcpe-guichen.com\/index.php\/wp-json\/wp\/v2\/comments?post=13"}],"version-history":[{"count":23,"href":"https:\/\/fcpe-guichen.com\/index.php\/wp-json\/wp\/v2\/pages\/13\/revisions"}],"predecessor-version":[{"id":224,"href":"https:\/\/fcpe-guichen.com\/index.php\/wp-json\/wp\/v2\/pages\/13\/revisions\/224"}],"wp:attachment":[{"href":"https:\/\/fcpe-guichen.com\/index.php\/wp-json\/wp\/v2\/media?parent=13"}],"curies":[{"name":"wp","href":"https:\/\/api.w.org\/{rel}","templated":true}]}}