{"id":210,"date":"2023-09-21T12:18:33","date_gmt":"2023-09-21T10:18:33","guid":{"rendered":"https:\/\/fcpe-guichen.com\/?page_id=210"},"modified":"2023-09-21T12:23:07","modified_gmt":"2023-09-21T10:23:07","slug":"actions-des-parents-deleves","status":"publish","type":"page","link":"https:\/\/fcpe-guichen.com\/index.php\/actions-des-parents-deleves\/","title":{"rendered":"Actions des parents d&rsquo;\u00e9l\u00e8ves"},"content":{"rendered":"<h3>R\u00e9unions de rentr\u00e9e du coll\u00e8ge : <\/h3>\n<p>Pr\u00e9sentation du r\u00f4le des parents d&rsquo;\u00e9l\u00e8ves dans la vie du coll\u00e8ge et de l&rsquo;organisation des \u00e9lections des repr\u00e9sentants des parents d&rsquo;\u00e9l\u00e8ves.<\/p>\n<h3>Conseil d&rsquo;administration<\/h3>\n<p>Les parents d&rsquo;\u00e9l\u00e8ves \u00e9lus au conseil d&rsquo;administration d&rsquo;un \u00e9tablissement du second degr\u00e9 sont membres \u00e0 part enti\u00e8re de ces instances participatives : ils y ont<strong>\u00a0voix d\u00e9lib\u00e9rative.<\/strong><\/p>\n<p>Le conseil d&rsquo;administration est l&rsquo;organe d\u00e9lib\u00e9rant de l&rsquo;\u00e9tablissement. Il se r\u00e9unit en s\u00e9ance ordinaire \u00e0 l&rsquo;initiative du chef d&rsquo;\u00e9tablissement<strong>\u00a0au moins trois fois par an<\/strong>. Il\u00a0:<\/p>\n<ul>\n<li><strong>adopte le projet d&rsquo;\u00e9tablissemen<\/strong>t, le budget et le r\u00e8glement int\u00e9rieur<\/li>\n<li><strong>donne son accord<\/strong>\u00a0sur le\u00a0<strong>programme de l&rsquo;association sportiv<\/strong>e<\/li>\n<li><strong>d\u00e9lib\u00e8re<\/strong>\u00a0sur les<strong>\u00a0questions relatives \u00e0 l&rsquo;hygi\u00e8ne, la sant\u00e9 et la s\u00e9curit\u00e9<\/strong><\/li>\n<li><strong>donne son avis<\/strong>\u00a0sur les principes de\u00a0<strong>choix des manuels<\/strong>\u00a0et\u00a0<strong>outils p\u00e9dagogiques<\/strong>, sur la\u00a0<strong>cr\u00e9ation d&rsquo;options et de section<\/strong>s, etc.<\/li>\n<li><strong>d\u00e9lib\u00e8re<\/strong>\u00a0sur les\u00a0<strong>questions li\u00e9es \u00e0 l&rsquo;accueil<\/strong>\u00a0et\u00a0<strong>\u00e0 l&rsquo;information des parents d&rsquo;\u00e9l\u00e8ves\u00a0<\/strong>et les\u00a0<strong>modalit\u00e9s g\u00e9n\u00e9rales<\/strong>\u00a0de leur participation \u00e0 la vie scolaire<\/li>\n<\/ul>\n<p>\u00c0 votre demande, ces m\u00eames repr\u00e9sentants peuvent assurer un\u00a0<strong>r\u00f4le de m\u00e9diateur aupr\u00e8s de la communaut\u00e9 \u00e9ducative.<\/strong><\/p>\n<h3>Commission permanente<\/h3>\n<p>La commission permanente est compos\u00e9e du chef d&rsquo;\u00e9tablissement, du chef d&rsquo;\u00e9tablissement adjoint, de l&rsquo;adjoint gestionnaire de l&rsquo;\u00e9tablissement, d&rsquo;un repr\u00e9sentant de la collectivit\u00e9 territoriale de rattachement, de repr\u00e9sentants \u00e9lus des personnels, de repr\u00e9sentants \u00e9lus des parents d&rsquo;\u00e9l\u00e8ves, de repr\u00e9sentants \u00e9lus des \u00e9l\u00e8ves.<\/p>\n<p>Cette commission instruit les questions soumises \u00e0 l&rsquo;examen du conseil d&rsquo;administration, entre autres les changements du r\u00e8glement int\u00e9rieur ou l&rsquo;\u00e9tablissement de la DGH (dotation global horaire).<\/p>\n<h3>Commission \u00e9ducative<\/h3>\n<p>Dans un\u00a0<b>coll\u00e8ge<\/b>\u00a0ou dans un\u00a0<b>lyc\u00e9e<\/b>, la\u00a0<b>commission \u00e9ducative<\/b>\u00a0examine la situation d&rsquo;un \u00e9l\u00e8ve qui ne respecte pas ses obligations scolaires ou qui a un comportement inadapt\u00e9. La\u00a0<b>commission<\/b>\u00a0propose alors des mesures\u00a0<b>\u00e9ducatives<\/b>.<\/p>\n<h3>Commission restauration \/ commission \u00ab\u00a0Menus\u00a0\u00bb<\/h3>\n<p>La Commission restauration se r\u00e9unit ponctuellement pour \u00e9changer sur les menus et sur le fonctionnement de la cantine.<\/p>\n<h3>Conseils de classe<\/h3>\n<p>Le conseil de classe est charg\u00e9 du suivi des \u00e9l\u00e8ves et des questions p\u00e9dagogiques int\u00e9ressant la vie de la classe. Compos\u00e9 de membres du personnel de l&rsquo;\u00e9tablissement, de d\u00e9l\u00e9gu\u00e9s d&rsquo;\u00e9l\u00e8ves et de parents d&rsquo;\u00e9l\u00e8ves, il se r\u00e9unit au moins 3 fois par an. Il formule des propositions concernant l&rsquo;orientation et l&rsquo;accompagnement des \u00e9l\u00e8ves et en informe les parents.<\/p>\n<h3>Actions diverses<\/h3>\n<ul>\n<li>D\u00e9l\u00e9gation professeurs et parents d&rsquo;\u00e9l\u00e8ves aupr\u00e8s du rectorat si des questions se posent en lien avec les cr\u00e9ations ou suppressions de classes.<\/li>\n<li>Gestion de la <strong>Distribution des kits de fournitures scolaires<\/strong><\/li>\n<\/ul>\n","protected":false},"excerpt":{"rendered":"<p>R\u00e9unions de rentr\u00e9e du coll\u00e8ge : Pr\u00e9sentation du r\u00f4le des parents d&rsquo;\u00e9l\u00e8ves dans la vie du coll\u00e8ge et de l&rsquo;organisation des \u00e9lections des repr\u00e9sentants des parents d&rsquo;\u00e9l\u00e8ves. Conseil d&rsquo;administration Les parents d&rsquo;\u00e9l\u00e8ves \u00e9lus au conseil d&rsquo;administration d&rsquo;un \u00e9tablissement du second degr\u00e9 sont membres \u00e0 part enti\u00e8re de ces instances participatives : ils y ont\u00a0voix d\u00e9lib\u00e9rative. &hellip; <a href=\"https:\/\/fcpe-guichen.com\/index.php\/actions-des-parents-deleves\/\" class=\"more-link\">Continuer la lecture de <span class=\"screen-reader-text\">Actions des parents d&rsquo;\u00e9l\u00e8ves<\/span> <span class=\"meta-nav\">&rarr;<\/span><\/a><\/p>\n","protected":false},"author":1,"featured_media":0,"parent":0,"menu_order":0,"comment_status":"closed","ping_status":"closed","template":"","meta":{"footnotes":""},"class_list":["post-210","page","type-page","status-publish","hentry"],"_links":{"self":[{"href":"https:\/\/fcpe-guichen.com\/index.php\/wp-json\/wp\/v2\/pages\/210","targetHints":{"allow":["GET"]}}],"collection":[{"href":"https:\/\/fcpe-guichen.com\/index.php\/wp-json\/wp\/v2\/pages"}],"about":[{"href":"https:\/\/fcpe-guichen.com\/index.php\/wp-json\/wp\/v2\/types\/page"}],"author":[{"embeddable":true,"href":"https:\/\/fcpe-guichen.com\/index.php\/wp-json\/wp\/v2\/users\/1"}],"replies":[{"embeddable":true,"href":"https:\/\/fcpe-guichen.com\/index.php\/wp-json\/wp\/v2\/comments?post=210"}],"version-history":[{"count":5,"href":"https:\/\/fcpe-guichen.com\/index.php\/wp-json\/wp\/v2\/pages\/210\/revisions"}],"predecessor-version":[{"id":216,"href":"https:\/\/fcpe-guichen.com\/index.php\/wp-json\/wp\/v2\/pages\/210\/revisions\/216"}],"wp:attachment":[{"href":"https:\/\/fcpe-guichen.com\/index.php\/wp-json\/wp\/v2\/media?parent=210"}],"curies":[{"name":"wp","href":"https:\/\/api.w.org\/{rel}","templated":true}]}}